{"id":2,"date":"2015-02-19T04:39:32","date_gmt":"2015-02-19T04:39:33","guid":{"rendered":"http:\/\/localhost:8080\/wordpress-4.1.1\/wordpress\/?page_id=2"},"modified":"2021-02-05T21:09:07","modified_gmt":"2021-02-05T21:09:07","slug":"sample-page","status":"publish","type":"page","link":"https:\/\/criticalbiomass.hu\/?page_id=2","title":{"rendered":"Mijez?"},"content":{"rendered":"<blockquote>\n<p>A Kritikus Biomassza egy f\u0151k\u00e9nt biol\u00f3gusokb\u00f3l \u00e1ll\u00f3 bar\u00e1ti t\u00e1rsas\u00e1g blogja, ahol megmondjuk a v\u00e9lem\u00e9ny\u00fcnket mindenf\u00e9le biol\u00f3gi\u00e1val kapcsolatos t\u00e9m\u00e1r\u00f3l \u00e9s nemcsak&#8230;<\/p>\n<\/blockquote>\n<p>Ez volt a CriticalBiomass \/ Kritikus Biomassza bemutatkoz\u00f3 sz\u00f6vege, amikor m\u00e9g 2005. okt\u00f3ber\u00e9ben el\u0151sz\u00f6r \u00e9lesedett a freeblog.hu-n. Az\u00f3ta nagyon sok \u00e9v eltelt, r\u00e9gi szerz\u0151k kikoptak, \u00faj szerz\u0151k j\u00f6ttek, \u00edgy a \u201cbar\u00e1ti t\u00e1rsas\u00e1g\u201d is m\u00e1r csak laz\u00e1bban \u00e9rtelmezhet\u0151, de ami \u00f6sszek\u00f6t az tov\u00e1bbra is az, hogy ha van v\u00e9lem\u00e9ny\u00fcnk biol\u00f3gi\u00e1val kapcsolatos k\u00e9rd\u00e9sekr\u0151l, akkor nem vagyunk restek azt megosztani.<\/p>\n<p>Azt \u00edg\u00e9rhetj\u00fck, hogy megpr\u00f3b\u00e1lunk minden t\u00e9m\u00e1t tudom\u00e1nyos ig\u00e9nnyel k\u00f6rbej\u00e1rni, azt viszont nem, hogy a levont k\u00f6vetkeztet\u00e9seink felt\u00e9tlen\u00fcl mindig n\u00e9pszer\u0171ek is lesznek. Kultur\u00e1lt vit\u00e1nak mindig helyet adunk, de ha \u00fagy ad\u00f3dik, sosem lesz\u00fcnk restek berekeszteni a parttalan \u00e9s szem\u00e9lyesked\u0151 hozz\u00e1sz\u00f3l\u00e1s folyamokat.<\/p>\n<p>Er\u0151s t\u00falz\u00e1s lenne azt \u00e1ll\u00edtani, hogy a CriticalBiomass k\u00f6r\u00e9 eg\u00e9sz \u201c\u00f6kosziszt\u00e9ma\u201d n\u0151tte ki mag\u00e1t, f\u0151leg, mert rapszodikus, hogy mennyire gyakran friss\u00fcl a blog, de a blog n\u00e9lk\u00fcl val\u00f3sz\u00edn\u0171, hogy nem lenne a mai form\u00e1j\u00e1ban <a href=\"https:\/\/www.meetup.com\/BpScienceMeetup\/\">Budapest Science Meetup<\/a> \u00e9s nem sz\u00fcletett volna meg az <a href=\"https:\/\/www.meetup.com\/BpScienceMeetup\/\">impakt\u00e1k<\/a> sem.<\/p>\n\n\n<p><\/p>\n","protected":false},"excerpt":{"rendered":"<p>A Kritikus Biomassza egy f\u0151k\u00e9nt biol\u00f3gusokb\u00f3l \u00e1ll\u00f3 bar\u00e1ti t\u00e1rsas\u00e1g blogja, ahol megmondjuk a v\u00e9lem\u00e9ny\u00fcnket mindenf\u00e9le biol\u00f3gi\u00e1val kapcsolatos t\u00e9m\u00e1r\u00f3l \u00e9s nemcsak&#8230; Ez volt a CriticalBiomass \/ Kritikus Biomassza bemutatkoz\u00f3 sz\u00f6vege, amikor m\u00e9g 2005. okt\u00f3ber\u00e9ben el\u0151sz\u00f6r \u00e9lesedett a freeblog.hu-n. Az\u00f3ta nagyon sok &hellip; <a href=\"https:\/\/criticalbiomass.hu\/?page_id=2\">Egy kattint\u00e1s ide a folytat\u00e1shoz&#8230;. <span class=\"meta-nav\">&rarr;<\/span><\/a><\/p>\n","protected":false},"author":1,"featured_media":0,"parent":0,"menu_order":0,"comment_status":"closed","ping_status":"open","template":"","meta":[],"_links":{"self":[{"href":"https:\/\/criticalbiomass.hu\/index.php?rest_route=\/wp\/v2\/pages\/2"}],"collection":[{"href":"https:\/\/criticalbiomass.hu\/index.php?rest_route=\/wp\/v2\/pages"}],"about":[{"href":"https:\/\/criticalbiomass.hu\/index.php?rest_route=\/wp\/v2\/types\/page"}],"author":[{"embeddable":true,"href":"https:\/\/criticalbiomass.hu\/index.php?rest_route=\/wp\/v2\/users\/1"}],"replies":[{"embeddable":true,"href":"https:\/\/criticalbiomass.hu\/index.php?rest_route=%2Fwp%2Fv2%2Fcomments&post=2"}],"version-history":[{"count":2,"href":"https:\/\/criticalbiomass.hu\/index.php?rest_route=\/wp\/v2\/pages\/2\/revisions"}],"predecessor-version":[{"id":16324425,"href":"https:\/\/criticalbiomass.hu\/index.php?rest_route=\/wp\/v2\/pages\/2\/revisions\/16324425"}],"wp:attachment":[{"href":"https:\/\/criticalbiomass.hu\/index.php?rest_route=%2Fwp%2Fv2%2Fmedia&parent=2"}],"curies":[{"name":"wp","href":"https:\/\/api.w.org\/{rel}","templated":true}]}}